{"id":6,"date":"2015-03-02T17:18:24","date_gmt":"2015-03-02T16:18:24","guid":{"rendered":"http:\/\/alz-ostlippe.de\/?page_id=6"},"modified":"2026-01-08T14:20:59","modified_gmt":"2026-01-08T13:20:59","slug":"startseite","status":"publish","type":"page","link":"http:\/\/alz-ostlippe.de\/","title":{"rendered":"Startseite"},"content":{"rendered":"<p style=\"text-align: left;\" align=\"CENTER\"><span style=\"font-family: Arial, sans-serif;\"><strong><span style=\"color: #3366ff;\"><span style=\"font-size: large;\"><a href=\"http:\/\/alz-ostlippe.de\/?page_id=9\"><img loading=\"lazy\" class=\"alignright wp-image-855\" src=\"http:\/\/alz-ostlippe.de\/wp-content\/uploads\/2025\/02\/Eingang-ALZ-153x300.jpg\" alt=\"\" width=\"220\" height=\"433\" srcset=\"http:\/\/alz-ostlippe.de\/wp-content\/uploads\/2025\/02\/Eingang-ALZ-153x300.jpg 153w, http:\/\/alz-ostlippe.de\/wp-content\/uploads\/2025\/02\/Eingang-ALZ-407x800.jpg 407w, http:\/\/alz-ostlippe.de\/wp-content\/uploads\/2025\/02\/Eingang-ALZ.jpg 600w\" sizes=\"(max-width: 220px) 100vw, 220px\" \/><\/a><\/span><\/span><\/strong><\/span><i><\/i><\/p>\n<p style=\"text-align: left;\" align=\"CENTER\"><span style=\"font-family: Arial, sans-serif;\"><strong><span style=\"color: #3366ff;\"><span style=\"font-size: large;\">Wir sind f\u00fcr Sie da&#8230;<\/span><\/span><\/strong><\/span><\/p>\n<p style=\"text-align: left;\" align=\"CENTER\"><span style=\"font-family: Arial, sans-serif;\"><i>&#8230;via <\/i><\/span><strong><span style=\"font-family: Arial, sans-serif;\"><i>Telefon, E-mail und pers\u00f6nlich <\/i><\/span><\/strong><span style=\"font-family: Arial, sans-serif;\"><i>f\u00fcr alle Fragen rund um das Thema &#8222;Arbeit&#8220; und pers\u00f6nliche Anliegen!<\/i><\/span><\/p>\n<p style=\"text-align: left;\" align=\"CENTER\"><span style=\"font-family: Arial, sans-serif;\"><i>Sie finden uns im <\/i><\/span><strong><span style=\"font-family: Arial, sans-serif;\"><i>Paradies 1-3 in Blomberg<\/i><\/span><\/strong>\u00a0 <span style=\"font-family: Arial, sans-serif;\"><i>(ehemaliges Johanniter-Geb\u00e4ude) und erreichen uns unter der <\/i><\/span><\/p>\n<p style=\"text-align: left;\" align=\"CENTER\"><strong><span style=\"font-family: Arial, sans-serif;\"><i>Nummer:\u00a0 <\/i><\/span><\/strong><strong><span style=\"font-family: Arial, sans-serif;\"><i>0 52 35 \/ 99 411 25.<\/i><\/span><\/strong><\/p>\n<p style=\"text-align: left;\" align=\"CENTER\">Jeden <strong>letzten Donnerstag (15-17Uhr)<\/strong> sind Beratungen auch im<strong> IQ L\u00fcgde\u00a0<\/strong> (An der Stadtmauer 2)\u00a0 m\u00f6glich.<\/p>\n<pre><\/pre>\n<p style=\"text-align: left;\" align=\"CENTER\"><span style=\"font-family: Arial, sans-serif;\">Sach- und Kleiderspenden k\u00f6nnen bei unserem Kooperationspartner euwatec gGmbH f\u00fcr den &#8222;Sozialen Marktplatz Blomberg&#8220; abgegeben werden.<\/span><\/p>\n<p><strong>\u00a0<\/strong><\/p>\n<pre style=\"text-align: center;\"><strong><span style=\"color: #3366ff;\">\u00a0<\/span><\/strong><\/pre>\n<p>&nbsp;<\/p>\n","protected":false},"excerpt":{"rendered":"<p>Wir sind f\u00fcr Sie da&#8230; &#8230;via Telefon, E-mail und pers\u00f6nlich f\u00fcr alle Fragen rund um das Thema &#8222;Arbeit&#8220; und pers\u00f6nliche Anliegen! Sie finden uns im Paradies 1-3 in Blomberg\u00a0 (ehemaliges Johanniter-Geb\u00e4ude) und erreichen uns unter der Nummer:\u00a0 0 52 35 \/ 99 411 25. Jeden letzten Donnerstag (15-17Uhr) sind Beratungen auch im IQ L\u00fcgde\u00a0 (An<\/p>\n","protected":false},"author":1,"featured_media":0,"parent":0,"menu_order":0,"comment_status":"closed","ping_status":"closed","template":"homepage.php","meta":[],"_links":{"self":[{"href":"http:\/\/alz-ostlippe.de\/index.php?rest_route=\/wp\/v2\/pages\/6"}],"collection":[{"href":"http:\/\/alz-ostlippe.de\/index.php?rest_route=\/wp\/v2\/pages"}],"about":[{"href":"http:\/\/alz-ostlippe.de\/index.php?rest_route=\/wp\/v2\/types\/page"}],"author":[{"embeddable":true,"href":"http:\/\/alz-ostlippe.de\/index.php?rest_route=\/wp\/v2\/users\/1"}],"replies":[{"embeddable":true,"href":"http:\/\/alz-ostlippe.de\/index.php?rest_route=%2Fwp%2Fv2%2Fcomments&post=6"}],"version-history":[{"count":102,"href":"http:\/\/alz-ostlippe.de\/index.php?rest_route=\/wp\/v2\/pages\/6\/revisions"}],"predecessor-version":[{"id":911,"href":"http:\/\/alz-ostlippe.de\/index.php?rest_route=\/wp\/v2\/pages\/6\/revisions\/911"}],"wp:attachment":[{"href":"http:\/\/alz-ostlippe.de\/index.php?rest_route=%2Fwp%2Fv2%2Fmedia&parent=6"}],"curies":[{"name":"wp","href":"https:\/\/api.w.org\/{rel}","templated":true}]}}