{"id":191,"date":"2015-03-03T13:49:45","date_gmt":"2015-03-03T12:49:45","guid":{"rendered":"http:\/\/alz-ostlippe.de\/?page_id=191"},"modified":"2025-02-06T11:46:46","modified_gmt":"2025-02-06T10:46:46","slug":"unterstuetzung","status":"publish","type":"page","link":"http:\/\/alz-ostlippe.de\/?page_id=191","title":{"rendered":"Unterst\u00fctzung"},"content":{"rendered":"<p><img loading=\"lazy\" class=\"size-medium wp-image-844 alignright\" src=\"http:\/\/alz-ostlippe.de\/wp-content\/uploads\/2025\/02\/ALZ-Unterstuetzung-300x200.jpg\" alt=\"\" width=\"300\" height=\"200\" srcset=\"http:\/\/alz-ostlippe.de\/wp-content\/uploads\/2025\/02\/ALZ-Unterstuetzung-300x200.jpg 300w, http:\/\/alz-ostlippe.de\/wp-content\/uploads\/2025\/02\/ALZ-Unterstuetzung-768x512.jpg 768w, http:\/\/alz-ostlippe.de\/wp-content\/uploads\/2025\/02\/ALZ-Unterstuetzung.jpg 800w\" sizes=\"(max-width: 300px) 100vw, 300px\" \/>Das ALZ freut sich jederzeit \u00fcber dringend ben\u00f6tigte finanzielle Zuwendungen. Die Wichtigkeit unserer Arbeit f\u00fcr Menschen, die sich aktuell in einer weniger komfortablen Lebenslage befinden, wird uns immer wieder bescheinigt. Auch \u00fcber die ehrenamtliche Unterst\u00fctzung freuen wir uns, wenn Sie also anstelle von Geld Freizeit &#8222;spenden&#8220; wollen &#8211; herzlich gerne. Letztlich unterst\u00fctzen Sie uns aber auch durch die Teilnahme an unseren Veranstaltungen &#8211; seien Sie uns herzlich willkommen!<\/p>\n<p>Wir w\u00fcrden uns daher freuen, wenn auch SIE uns dabei helfen zu helfen. F\u00fcr Ausk\u00fcnfte stehen wir Ihnen unter den unter &#8222;Kontakt&#8220; angegebenen M\u00f6glichkeiten gerne zur Verf\u00fcgung.<\/p>\n<p><strong>Falls Sie uns finanziell unterst\u00fctzen m\u00f6chten:<\/strong><\/p>\n<p>Sparkasse Paderborn-Detmold<br \/>\nIBAN: DE58 4765 0130 0000 853861<br \/>\nBIC: \u00a0\u00a0 WELADE3LXXX<\/p>\n","protected":false},"excerpt":{"rendered":"<p>Das ALZ freut sich jederzeit \u00fcber dringend ben\u00f6tigte finanzielle Zuwendungen. Die Wichtigkeit unserer Arbeit f\u00fcr Menschen, die sich aktuell in einer weniger komfortablen Lebenslage befinden, wird uns immer wieder bescheinigt. Auch \u00fcber die ehrenamtliche Unterst\u00fctzung freuen wir uns, wenn Sie also anstelle von Geld Freizeit &#8222;spenden&#8220; wollen &#8211; herzlich gerne. Letztlich unterst\u00fctzen Sie uns aber<\/p>\n","protected":false},"author":1,"featured_media":0,"parent":0,"menu_order":0,"comment_status":"closed","ping_status":"closed","template":"","meta":[],"_links":{"self":[{"href":"http:\/\/alz-ostlippe.de\/index.php?rest_route=\/wp\/v2\/pages\/191"}],"collection":[{"href":"http:\/\/alz-ostlippe.de\/index.php?rest_route=\/wp\/v2\/pages"}],"about":[{"href":"http:\/\/alz-ostlippe.de\/index.php?rest_route=\/wp\/v2\/types\/page"}],"author":[{"embeddable":true,"href":"http:\/\/alz-ostlippe.de\/index.php?rest_route=\/wp\/v2\/users\/1"}],"replies":[{"embeddable":true,"href":"http:\/\/alz-ostlippe.de\/index.php?rest_route=%2Fwp%2Fv2%2Fcomments&post=191"}],"version-history":[{"count":7,"href":"http:\/\/alz-ostlippe.de\/index.php?rest_route=\/wp\/v2\/pages\/191\/revisions"}],"predecessor-version":[{"id":846,"href":"http:\/\/alz-ostlippe.de\/index.php?rest_route=\/wp\/v2\/pages\/191\/revisions\/846"}],"wp:attachment":[{"href":"http:\/\/alz-ostlippe.de\/index.php?rest_route=%2Fwp%2Fv2%2Fmedia&parent=191"}],"curies":[{"name":"wp","href":"https:\/\/api.w.org\/{rel}","templated":true}]}}