{"id":15,"date":"2015-03-02T17:22:39","date_gmt":"2015-03-02T16:22:39","guid":{"rendered":"http:\/\/alz-ostlippe.de\/?page_id=15"},"modified":"2018-02-26T11:59:32","modified_gmt":"2018-02-26T10:59:32","slug":"kurse","status":"publish","type":"page","link":"http:\/\/alz-ostlippe.de\/?page_id=15","title":{"rendered":"Kurse\/ Projekte"},"content":{"rendered":"<p>Das ALZ richtet sich mit seinem Angebot nicht nur an arbeitslose Menschen! Vielmehr sind wir eine Begegnungsst\u00e4tte zum zwischenmenschlichen Austausch. Kommen auch Sie und \u00fcberzeugen Sie sich von unserer Leistungsvielfalt. Z\u00f6gern Sie nicht uns Ihre Anregungen zu unterbreiten oder Kritik zu \u00e4u\u00dfern. Wir haben immer ein offenes Ohr f\u00fcr Sie und freuen uns \u00fcber jede Art von Unterst\u00fctzung.<\/p>\n","protected":false},"excerpt":{"rendered":"<p>Das ALZ richtet sich mit seinem Angebot nicht nur an arbeitslose Menschen! Vielmehr sind wir eine Begegnungsst\u00e4tte zum zwischenmenschlichen Austausch. Kommen auch Sie und \u00fcberzeugen Sie sich von unserer Leistungsvielfalt. Z\u00f6gern Sie nicht uns Ihre Anregungen zu unterbreiten oder Kritik zu \u00e4u\u00dfern. Wir haben immer ein offenes Ohr f\u00fcr Sie und freuen uns \u00fcber jede<\/p>\n","protected":false},"author":1,"featured_media":0,"parent":0,"menu_order":0,"comment_status":"closed","ping_status":"closed","template":"page_portfolio.php","meta":[],"_links":{"self":[{"href":"http:\/\/alz-ostlippe.de\/index.php?rest_route=\/wp\/v2\/pages\/15"}],"collection":[{"href":"http:\/\/alz-ostlippe.de\/index.php?rest_route=\/wp\/v2\/pages"}],"about":[{"href":"http:\/\/alz-ostlippe.de\/index.php?rest_route=\/wp\/v2\/types\/page"}],"author":[{"embeddable":true,"href":"http:\/\/alz-ostlippe.de\/index.php?rest_route=\/wp\/v2\/users\/1"}],"replies":[{"embeddable":true,"href":"http:\/\/alz-ostlippe.de\/index.php?rest_route=%2Fwp%2Fv2%2Fcomments&post=15"}],"version-history":[{"count":8,"href":"http:\/\/alz-ostlippe.de\/index.php?rest_route=\/wp\/v2\/pages\/15\/revisions"}],"predecessor-version":[{"id":525,"href":"http:\/\/alz-ostlippe.de\/index.php?rest_route=\/wp\/v2\/pages\/15\/revisions\/525"}],"wp:attachment":[{"href":"http:\/\/alz-ostlippe.de\/index.php?rest_route=%2Fwp%2Fv2%2Fmedia&parent=15"}],"curies":[{"name":"wp","href":"https:\/\/api.w.org\/{rel}","templated":true}]}}